{"id":51,"date":"2024-11-11T20:52:58","date_gmt":"2024-11-11T19:52:58","guid":{"rendered":"http:\/\/www.misspower.fr\/?post_type=product&#038;p=51"},"modified":"2026-01-15T01:33:07","modified_gmt":"2026-01-15T00:33:07","slug":"dragon-blanc","status":"publish","type":"product","link":"https:\/\/www.misspower.fr\/index.php\/produit\/dragon-blanc\/","title":{"rendered":"Dragon blanc"},"content":{"rendered":"<p>Grand mod\u00e8le .<\/p>\n<p>Le blanc apporte un cot\u00e9 c\u00e2lin et ce petit monstre.<\/p>\n","protected":false},"excerpt":{"rendered":"<p>Grand mod\u00e8le . Le blanc apporte un cot\u00e9 c\u00e2lin et ce petit monstre.<\/p>\n","protected":false},"featured_media":0,"comment_status":"open","ping_status":"closed","template":"","meta":[],"product_brand":[],"product_cat":[23],"product_tag":[],"class_list":{"0":"post-51","1":"product","2":"type-product","3":"status-publish","5":"product_cat-dinosaures","7":"first","8":"instock","9":"sold-individually","10":"shipping-taxable","11":"purchasable","12":"product-type-simple"},"jetpack_sharing_enabled":true,"_links":{"self":[{"href":"https:\/\/www.misspower.fr\/index.php\/wp-json\/wp\/v2\/product\/51","targetHints":{"allow":["GET"]}}],"collection":[{"href":"https:\/\/www.misspower.fr\/index.php\/wp-json\/wp\/v2\/product"}],"about":[{"href":"https:\/\/www.misspower.fr\/index.php\/wp-json\/wp\/v2\/types\/product"}],"replies":[{"embeddable":true,"href":"https:\/\/www.misspower.fr\/index.php\/wp-json\/wp\/v2\/comments?post=51"}],"wp:attachment":[{"href":"https:\/\/www.misspower.fr\/index.php\/wp-json\/wp\/v2\/media?parent=51"}],"wp:term":[{"taxonomy":"product_brand","embeddable":true,"href":"https:\/\/www.misspower.fr\/index.php\/wp-json\/wp\/v2\/product_brand?post=51"},{"taxonomy":"product_cat","embeddable":true,"href":"https:\/\/www.misspower.fr\/index.php\/wp-json\/wp\/v2\/product_cat?post=51"},{"taxonomy":"product_tag","embeddable":true,"href":"https:\/\/www.misspower.fr\/index.php\/wp-json\/wp\/v2\/product_tag?post=51"}],"curies":[{"name":"wp","href":"https:\/\/api.w.org\/{rel}","templated":true}]}}