{"id":2,"date":"2024-02-18T15:14:18","date_gmt":"2024-02-18T14:14:18","guid":{"rendered":"http:\/\/www.misspower.fr\/?page_id=2"},"modified":"2024-11-11T19:48:03","modified_gmt":"2024-11-11T18:48:03","slug":"concept","status":"publish","type":"page","link":"https:\/\/www.misspower.fr\/index.php\/concept\/","title":{"rendered":"Concept"},"content":{"rendered":"\n<p>Plongez dans le Monde Doux et Color\u00e9 des Peluches faites \u00e0 la main au Crochet par Lulu.<\/p>\n\n\n\n<p>L&#8217;une des caract\u00e9ristiques les plus remarquables des peluches de Lulu est leur personnalit\u00e9 unique : il y en a pour tous les go\u00fbts et toutes les occasions.<\/p>\n\n\n\n<p>Vous pouvez choisir une des cr\u00e9ations du moment, en vente  dans la boutique. Pas de stock, juste les derni\u00e8res naissances&#8230;<\/p>\n\n\n\n<p>Ou vous demandez une cr\u00e9ation originale : en demandant des couleurs sp\u00e9cifiques ou en sollicitant un mod\u00e8le , une demande particuli\u00e8re. Lulu reviendra vers vous avec de nouvelles propositions !<\/p>\n\n\n\n<p>Que ce soit pour offrir un cadeau unique et personnalis\u00e9 ou pour \u00e9gayer son propre foyer, les peluches faites au crochet par Lulu sont bien plus que de simples jouets. Ce sont des compagnons de voyage dans l&#8217;imaginaire, des gardiens de souvenirs pr\u00e9cieux et des ambassadeurs de douceur dans un monde parfois bien trop agit\u00e9.<\/p>\n","protected":false},"excerpt":{"rendered":"<p>Plongez dans le Monde Doux et Color\u00e9 des Peluches faites \u00e0 la main au Crochet par Lulu. L&#8217;une des caract\u00e9ristiques les plus remarquables des peluches de Lulu est leur personnalit\u00e9 unique : il y en a pour tous les go\u00fbts et toutes les occasions. Vous pouvez choisir une des cr\u00e9ations du moment, en vente dans [&hellip;]<\/p>\n","protected":false},"author":1,"featured_media":0,"parent":0,"menu_order":0,"comment_status":"closed","ping_status":"closed","template":"","meta":{"footnotes":""},"class_list":["post-2","page","type-page","status-publish","hentry"],"jetpack_sharing_enabled":true,"_links":{"self":[{"href":"https:\/\/www.misspower.fr\/index.php\/wp-json\/wp\/v2\/pages\/2","targetHints":{"allow":["GET"]}}],"collection":[{"href":"https:\/\/www.misspower.fr\/index.php\/wp-json\/wp\/v2\/pages"}],"about":[{"href":"https:\/\/www.misspower.fr\/index.php\/wp-json\/wp\/v2\/types\/page"}],"author":[{"embeddable":true,"href":"https:\/\/www.misspower.fr\/index.php\/wp-json\/wp\/v2\/users\/1"}],"replies":[{"embeddable":true,"href":"https:\/\/www.misspower.fr\/index.php\/wp-json\/wp\/v2\/comments?post=2"}],"version-history":[{"count":4,"href":"https:\/\/www.misspower.fr\/index.php\/wp-json\/wp\/v2\/pages\/2\/revisions"}],"predecessor-version":[{"id":43,"href":"https:\/\/www.misspower.fr\/index.php\/wp-json\/wp\/v2\/pages\/2\/revisions\/43"}],"wp:attachment":[{"href":"https:\/\/www.misspower.fr\/index.php\/wp-json\/wp\/v2\/media?parent=2"}],"curies":[{"name":"wp","href":"https:\/\/api.w.org\/{rel}","templated":true}]}}